{"id":2409,"date":"2020-04-24T09:48:55","date_gmt":"2020-04-24T07:48:55","guid":{"rendered":"https:\/\/www.schlosspassage.com\/?page_id=2409"},"modified":"2023-10-10T15:13:50","modified_gmt":"2023-10-10T13:13:50","slug":"stores","status":"publish","type":"page","link":"https:\/\/www.schlosspassage.com\/en\/stores\/","title":{"rendered":"BUSINESS"},"content":{"rendered":"<p>In the SCHLOSSPASSAGE in the heart of Gr\u00fcnwald a variety of stores, restaurants, bars awaits you. Free parking is located directly in front of the door. Visit us in Gr\u00fcnwald, we look forward to seeing you.<\/p>\n","protected":false},"excerpt":{"rendered":"<p>In the SCHLOSSPASSAGE in the heart of Gr\u00fcnwald a variety of stores, restaurants, bars awaits you. Free parking is located directly in front of the door. Visit us in Gr\u00fcnwald, we look forward to seeing you.<\/p>\n","protected":false},"author":1,"featured_media":0,"parent":0,"menu_order":4,"comment_status":"closed","ping_status":"closed","template":"page-stores.php","meta":{"footnotes":""},"yoast_head":"<!-- This site is optimized with the Yoast SEO plugin v21.9.1 - https:\/\/yoast.com\/wordpress\/plugins\/seo\/ -->\n<title>Stores in the SCHLOSSPASSAGE in the heart of Gr\u00fcnwald<\/title>\n<meta name=\"description\" content=\"In the SCHLOSSPASSAGE in the heart of Gr\u00fcnwald you can expect a variety of stores, restaurants, bars in the middle of Gr\u00fcnwald. Free parking right outside the door. Visit us in Gr\u00fcnwald, we look forward to seeing you.\" \/>\n<meta name=\"robots\" content=\"index, follow, max-snippet:-1, max-image-preview:large, max-video-preview:-1\" \/>\n<link rel=\"canonical\" href=\"https:\/\/www.schlosspassage.com\/en\/stores\/\" \/>\n<meta property=\"og:locale\" content=\"en_US\" \/>\n<meta property=\"og:type\" content=\"article\" \/>\n<meta property=\"og:title\" content=\"Stores in the SCHLOSSPASSAGE in the heart of Gr\u00fcnwald\" \/>\n<meta property=\"og:description\" content=\"In the SCHLOSSPASSAGE in the heart of Gr\u00fcnwald you can expect a variety of stores, restaurants, bars in the middle of Gr\u00fcnwald. Free parking right outside the door. Visit us in Gr\u00fcnwald, we look forward to seeing you.\" \/>\n<meta property=\"og:url\" content=\"https:\/\/www.schlosspassage.com\/en\/stores\/\" \/>\n<meta property=\"og:site_name\" content=\"SCHLOSSPASSAGE Gr\u00fcnwald\" \/>\n<meta property=\"article:modified_time\" content=\"2023-10-10T13:13:50+00:00\" \/>\n<meta name=\"twitter:card\" content=\"summary_large_image\" \/>\n<meta name=\"twitter:label1\" content=\"Est. reading time\" \/>\n\t<meta name=\"twitter:data1\" content=\"1 minute\" \/>\n<script type=\"application\/ld+json\" class=\"yoast-schema-graph\">{\"@context\":\"https:\/\/schema.org\",\"@graph\":[{\"@type\":\"WebPage\",\"@id\":\"https:\/\/www.schlosspassage.com\/en\/stores\/\",\"url\":\"https:\/\/www.schlosspassage.com\/en\/stores\/\",\"name\":\"Stores in the SCHLOSSPASSAGE in the heart of Gr\u00fcnwald\",\"isPartOf\":{\"@id\":\"https:\/\/www.schlosspassage.com\/#website\"},\"datePublished\":\"2020-04-24T07:48:55+00:00\",\"dateModified\":\"2023-10-10T13:13:50+00:00\",\"description\":\"In the SCHLOSSPASSAGE in the heart of Gr\u00fcnwald you can expect a variety of stores, restaurants, bars in the middle of Gr\u00fcnwald. Free parking right outside the door. Visit us in Gr\u00fcnwald, we look forward to seeing you.\",\"breadcrumb\":{\"@id\":\"https:\/\/www.schlosspassage.com\/en\/stores\/#breadcrumb\"},\"inLanguage\":\"en-US\",\"potentialAction\":[{\"@type\":\"ReadAction\",\"target\":[\"https:\/\/www.schlosspassage.com\/en\/stores\/\"]}]},{\"@type\":\"BreadcrumbList\",\"@id\":\"https:\/\/www.schlosspassage.com\/en\/stores\/#breadcrumb\",\"itemListElement\":[{\"@type\":\"ListItem\",\"position\":1,\"name\":\"Startseite\",\"item\":\"https:\/\/www.schlosspassage.com\/en\/\"},{\"@type\":\"ListItem\",\"position\":2,\"name\":\"BUSINESS\"}]},{\"@type\":\"WebSite\",\"@id\":\"https:\/\/www.schlosspassage.com\/#website\",\"url\":\"https:\/\/www.schlosspassage.com\/\",\"name\":\"SCHLOSSPASSAGE Gr\u00fcnwald\",\"description\":\"\",\"potentialAction\":[{\"@type\":\"SearchAction\",\"target\":{\"@type\":\"EntryPoint\",\"urlTemplate\":\"https:\/\/www.schlosspassage.com\/?s={search_term_string}\"},\"query-input\":\"required name=search_term_string\"}],\"inLanguage\":\"en-US\"}]}<\/script>\n<!-- \/ Yoast SEO plugin. -->","yoast_head_json":{"title":"Stores in the SCHLOSSPASSAGE in the heart of Gr\u00fcnwald","description":"In the SCHLOSSPASSAGE in the heart of Gr\u00fcnwald you can expect a variety of stores, restaurants, bars in the middle of Gr\u00fcnwald. Free parking right outside the door. Visit us in Gr\u00fcnwald, we look forward to seeing you.","robots":{"index":"index","follow":"follow","max-snippet":"max-snippet:-1","max-image-preview":"max-image-preview:large","max-video-preview":"max-video-preview:-1"},"canonical":"https:\/\/www.schlosspassage.com\/en\/stores\/","og_locale":"en_US","og_type":"article","og_title":"Stores in the SCHLOSSPASSAGE in the heart of Gr\u00fcnwald","og_description":"In the SCHLOSSPASSAGE in the heart of Gr\u00fcnwald you can expect a variety of stores, restaurants, bars in the middle of Gr\u00fcnwald. Free parking right outside the door. Visit us in Gr\u00fcnwald, we look forward to seeing you.","og_url":"https:\/\/www.schlosspassage.com\/en\/stores\/","og_site_name":"SCHLOSSPASSAGE Gr\u00fcnwald","article_modified_time":"2023-10-10T13:13:50+00:00","twitter_card":"summary_large_image","twitter_misc":{"Est. reading time":"1 minute"},"schema":{"@context":"https:\/\/schema.org","@graph":[{"@type":"WebPage","@id":"https:\/\/www.schlosspassage.com\/en\/stores\/","url":"https:\/\/www.schlosspassage.com\/en\/stores\/","name":"Stores in the SCHLOSSPASSAGE in the heart of Gr\u00fcnwald","isPartOf":{"@id":"https:\/\/www.schlosspassage.com\/#website"},"datePublished":"2020-04-24T07:48:55+00:00","dateModified":"2023-10-10T13:13:50+00:00","description":"In the SCHLOSSPASSAGE in the heart of Gr\u00fcnwald you can expect a variety of stores, restaurants, bars in the middle of Gr\u00fcnwald. Free parking right outside the door. Visit us in Gr\u00fcnwald, we look forward to seeing you.","breadcrumb":{"@id":"https:\/\/www.schlosspassage.com\/en\/stores\/#breadcrumb"},"inLanguage":"en-US","potentialAction":[{"@type":"ReadAction","target":["https:\/\/www.schlosspassage.com\/en\/stores\/"]}]},{"@type":"BreadcrumbList","@id":"https:\/\/www.schlosspassage.com\/en\/stores\/#breadcrumb","itemListElement":[{"@type":"ListItem","position":1,"name":"Startseite","item":"https:\/\/www.schlosspassage.com\/en\/"},{"@type":"ListItem","position":2,"name":"BUSINESS"}]},{"@type":"WebSite","@id":"https:\/\/www.schlosspassage.com\/#website","url":"https:\/\/www.schlosspassage.com\/","name":"SCHLOSSPASSAGE Gr\u00fcnwald","description":"","potentialAction":[{"@type":"SearchAction","target":{"@type":"EntryPoint","urlTemplate":"https:\/\/www.schlosspassage.com\/?s={search_term_string}"},"query-input":"required name=search_term_string"}],"inLanguage":"en-US"}]}},"_links":{"self":[{"href":"https:\/\/www.schlosspassage.com\/en\/wp-json\/wp\/v2\/pages\/2409"}],"collection":[{"href":"https:\/\/www.schlosspassage.com\/en\/wp-json\/wp\/v2\/pages"}],"about":[{"href":"https:\/\/www.schlosspassage.com\/en\/wp-json\/wp\/v2\/types\/page"}],"author":[{"embeddable":true,"href":"https:\/\/www.schlosspassage.com\/en\/wp-json\/wp\/v2\/users\/1"}],"replies":[{"embeddable":true,"href":"https:\/\/www.schlosspassage.com\/en\/wp-json\/wp\/v2\/comments?post=2409"}],"version-history":[{"count":2,"href":"https:\/\/www.schlosspassage.com\/en\/wp-json\/wp\/v2\/pages\/2409\/revisions"}],"predecessor-version":[{"id":5298,"href":"https:\/\/www.schlosspassage.com\/en\/wp-json\/wp\/v2\/pages\/2409\/revisions\/5298"}],"wp:attachment":[{"href":"https:\/\/www.schlosspassage.com\/en\/wp-json\/wp\/v2\/media?parent=2409"}],"curies":[{"name":"wp","href":"https:\/\/api.w.org\/{rel}","templated":true}]}}